{"id":5286,"date":"2020-12-21T12:45:15","date_gmt":"2020-12-21T11:45:15","guid":{"rendered":"https:\/\/www.officinabonacina.com\/carpenteria\/"},"modified":"2023-09-07T15:31:45","modified_gmt":"2023-09-07T13:31:45","slug":"menuiserie","status":"publish","type":"page","link":"https:\/\/www.officinabonacina.com\/fr\/menuiserie\/","title":{"rendered":"Menuiserie"},"content":{"rendered":"\t\t<div data-elementor-type=\"wp-page\" data-elementor-id=\"5286\" class=\"elementor elementor-5286 elementor-2915\">\n\t\t\t\t\t\t<section class=\"elementor-section elementor-top-section elementor-element elementor-element-d5acbe4 elementor-section-boxed elementor-section-height-default elementor-section-height-default\" data-id=\"d5acbe4\" data-element_type=\"section\" data-e-type=\"section\">\n\t\t\t\t\t\t<div class=\"elementor-container elementor-column-gap-default\">\n\t\t\t\t\t<div class=\"elementor-column elementor-col-100 elementor-top-column elementor-element elementor-element-91ed513\" data-id=\"91ed513\" data-element_type=\"column\" data-e-type=\"column\">\n\t\t\t<div class=\"elementor-widget-wrap elementor-element-populated\">\n\t\t\t\t\t\t<div class=\"elementor-element elementor-element-7cd9547 elementor-widget elementor-widget-text-editor\" data-id=\"7cd9547\" data-element_type=\"widget\" data-e-type=\"widget\" data-widget_type=\"text-editor.default\">\n\t\t\t\t<div class=\"elementor-widget-container\">\n\t\t\t\t\t\t\t\t\t<h2>R\u00e9alisation de constructions m\u00e9caniques et petite-moyenne menuiserie sur plan<\/h2>\n<p>Officina Bonacina cr\u00e9e des <strong>constructions m\u00e9caniques<\/strong> et de <strong>menuiserie de taille moyenne<\/strong> \u00e0 petite \u00e0 partir du plan du client et en prenant en charge toutes les phases de construction, d&rsquo;approvisionnement et d&rsquo;exp\u00e9dition.<\/p>\n<p>Le grand entrep\u00f4t de mat\u00e9riaux, le d\u00e9partement <strong>de traitement m\u00e9canique <\/strong>et la pr\u00e9sence d&rsquo;une \u00e9quipe interne de <strong>soudeurs sp\u00e9cialis\u00e9s <\/strong>dipl\u00f4m\u00e9s<strong> ,<\/strong> ainsi que la collaboration constante avec notre r\u00e9seau de fournisseurs externes, sont tous des facteurs qui nous permettent d&rsquo;offrir au client des produits marqu\u00e9s CE et finis selon vos besoins sp\u00e9cifiques. <\/p>\n<p>Nous pouvons exp\u00e9dier des <strong>lots de n&rsquo;importe quel volume<\/strong> <strong>dans toute l&rsquo;Italie et \u00e0 l&rsquo;\u00e9tranger<\/strong>.<\/p>\n<p><strong>La flexibilit\u00e9 et la rapidit\u00e9<\/strong> sont nos principaux atouts. Nous sommes consid\u00e9r\u00e9s comme la r\u00e9f\u00e9rence pour la <strong>menuiserie \u00e0 Lecco<\/strong> et dans les villes voisines, telles que Milan, Monza et Brianza, C\u00f4me et Bergame.<\/p>\n\t\t\t\t\t\t\t\t<\/div>\n\t\t\t\t<\/div>\n\t\t\t\t\t<\/div>\n\t\t<\/div>\n\t\t\t\t\t<\/div>\n\t\t<\/section>\n\t\t\t\t<section class=\"elementor-section elementor-top-section elementor-element elementor-element-672b55d elementor-section-boxed elementor-section-height-default elementor-section-height-default\" data-id=\"672b55d\" data-element_type=\"section\" data-e-type=\"section\">\n\t\t\t\t\t\t<div class=\"elementor-container elementor-column-gap-default\">\n\t\t\t\t\t<div class=\"elementor-column elementor-col-100 elementor-top-column elementor-element elementor-element-71cbf8f\" data-id=\"71cbf8f\" data-element_type=\"column\" data-e-type=\"column\">\n\t\t\t<div class=\"elementor-widget-wrap elementor-element-populated\">\n\t\t\t\t\t\t<div class=\"elementor-element elementor-element-41810aa elementor-align-center elementor-widget elementor-widget-button\" data-id=\"41810aa\" data-element_type=\"widget\" data-e-type=\"widget\" data-widget_type=\"button.default\">\n\t\t\t\t<div class=\"elementor-widget-container\">\n\t\t\t\t\t\t\t\t\t<div class=\"elementor-button-wrapper\">\n\t\t\t\t\t<a class=\"elementor-button elementor-button-link elementor-size-lg\" href=\"\/fr\/contacts\/\">\n\t\t\t\t\t\t<span class=\"elementor-button-content-wrapper\">\n\t\t\t\t\t\t\t\t\t<span class=\"elementor-button-text\">T\u00c9L\u00c9CHARGER LE FORMULAIRE DEVIS EN LIGNE<\/span>\n\t\t\t\t\t<\/span>\n\t\t\t\t\t<\/a>\n\t\t\t\t<\/div>\n\t\t\t\t\t\t\t\t<\/div>\n\t\t\t\t<\/div>\n\t\t\t\t\t<\/div>\n\t\t<\/div>\n\t\t\t\t\t<\/div>\n\t\t<\/section>\n\t\t\t\t<section class=\"elementor-section elementor-top-section elementor-element elementor-element-93fce2f elementor-section-boxed elementor-section-height-default elementor-section-height-default\" data-id=\"93fce2f\" data-element_type=\"section\" data-e-type=\"section\">\n\t\t\t\t\t\t<div class=\"elementor-container elementor-column-gap-default\">\n\t\t\t\t\t<div class=\"elementor-column elementor-col-100 elementor-top-column elementor-element elementor-element-c799a3b\" data-id=\"c799a3b\" data-element_type=\"column\" data-e-type=\"column\">\n\t\t\t<div class=\"elementor-widget-wrap\">\n\t\t\t\t\t\t\t<\/div>\n\t\t<\/div>\n\t\t\t\t\t<\/div>\n\t\t<\/section>\n\t\t\t\t<section class=\"elementor-section elementor-top-section elementor-element elementor-element-1b9eb14 elementor-section-full_width elementor-section-stretched elementor-section-height-default elementor-section-height-default\" data-id=\"1b9eb14\" data-element_type=\"section\" data-e-type=\"section\" data-settings=\"{&quot;stretch_section&quot;:&quot;section-stretched&quot;,&quot;background_background&quot;:&quot;classic&quot;}\">\n\t\t\t\t\t\t\t<div class=\"elementor-background-overlay\"><\/div>\n\t\t\t\t\t\t\t<div class=\"elementor-container elementor-column-gap-default\">\n\t\t\t\t\t<div class=\"elementor-column elementor-col-100 elementor-top-column elementor-element elementor-element-6d683b4\" data-id=\"6d683b4\" data-element_type=\"column\" data-e-type=\"column\">\n\t\t\t<div class=\"elementor-widget-wrap elementor-element-populated\">\n\t\t\t\t\t\t<section class=\"elementor-section elementor-inner-section elementor-element elementor-element-c230563 elementor-section-boxed elementor-section-height-default elementor-section-height-default\" data-id=\"c230563\" data-element_type=\"section\" data-e-type=\"section\">\n\t\t\t\t\t\t<div class=\"elementor-container elementor-column-gap-default\">\n\t\t\t\t\t<div class=\"elementor-column elementor-col-100 elementor-inner-column elementor-element elementor-element-1bfa603\" data-id=\"1bfa603\" data-element_type=\"column\" data-e-type=\"column\">\n\t\t\t<div class=\"elementor-widget-wrap elementor-element-populated\">\n\t\t\t\t\t\t<div class=\"elementor-element elementor-element-072a654 elementor-widget elementor-widget-heading\" data-id=\"072a654\" data-element_type=\"widget\" data-e-type=\"widget\" data-widget_type=\"heading.default\">\n\t\t\t\t<div class=\"elementor-widget-container\">\n\t\t\t\t\t<div class=\"elementor-heading-title elementor-size-xl\">Voulez-vous plus d'informations?<\/div>\t\t\t\t<\/div>\n\t\t\t\t<\/div>\n\t\t\t\t<div class=\"elementor-element elementor-element-c76e2fa elementor-widget elementor-widget-text-editor\" data-id=\"c76e2fa\" data-element_type=\"widget\" data-e-type=\"widget\" data-widget_type=\"text-editor.default\">\n\t\t\t\t<div class=\"elementor-widget-container\">\n\t\t\t\t\t\t\t\t\t<p>Contactez les experts d\u2019Officina Bonacina pour un devis ou des conseils d\u00e9di\u00e9s.<\/p>\n\t\t\t\t\t\t\t\t<\/div>\n\t\t\t\t<\/div>\n\t\t\t\t<div class=\"elementor-element elementor-element-e5aad6b elementor-align-center elementor-widget elementor-widget-button\" data-id=\"e5aad6b\" data-element_type=\"widget\" data-e-type=\"widget\" data-widget_type=\"button.default\">\n\t\t\t\t<div class=\"elementor-widget-container\">\n\t\t\t\t\t\t\t\t\t<div class=\"elementor-button-wrapper\">\n\t\t\t\t\t<a class=\"elementor-button elementor-button-link elementor-size-sm\" href=\"\/fr\/contacts\/\">\n\t\t\t\t\t\t<span class=\"elementor-button-content-wrapper\">\n\t\t\t\t\t\t\t\t\t<span class=\"elementor-button-text\">Contacts<\/span>\n\t\t\t\t\t<\/span>\n\t\t\t\t\t<\/a>\n\t\t\t\t<\/div>\n\t\t\t\t\t\t\t\t<\/div>\n\t\t\t\t<\/div>\n\t\t\t\t\t<\/div>\n\t\t<\/div>\n\t\t\t\t\t<\/div>\n\t\t<\/section>\n\t\t\t\t\t<\/div>\n\t\t<\/div>\n\t\t\t\t\t<\/div>\n\t\t<\/section>\n\t\t\t\t<\/div>\n\t\t","protected":false},"excerpt":{"rendered":"<p>R\u00e9alisation de constructions m\u00e9caniques et petite-moyenne menuiserie sur plan Officina Bonacina cr\u00e9e des constructions m\u00e9caniques et de menuiserie de taille moyenne \u00e0 petite \u00e0 partir du plan du client et en prenant en charge toutes les phases de construction, d&rsquo;approvisionnement et d&rsquo;exp\u00e9dition. Le grand entrep\u00f4t de mat\u00e9riaux, le d\u00e9partement de traitement m\u00e9canique et la pr\u00e9sence [&hellip;]<\/p>\n","protected":false},"author":1,"featured_media":0,"parent":0,"menu_order":0,"comment_status":"closed","ping_status":"closed","template":"","meta":{"ocean_post_layout":"full-width","ocean_both_sidebars_style":"","ocean_both_sidebars_content_width":0,"ocean_both_sidebars_sidebars_width":0,"ocean_sidebar":"0","ocean_second_sidebar":"0","ocean_disable_margins":"on","ocean_add_body_class":"","ocean_shortcode_before_top_bar":"","ocean_shortcode_after_top_bar":"","ocean_shortcode_before_header":"","ocean_shortcode_after_header":"","ocean_has_shortcode":"","ocean_shortcode_after_title":"","ocean_shortcode_before_footer_widgets":"","ocean_shortcode_after_footer_widgets":"","ocean_shortcode_before_footer_bottom":"","ocean_shortcode_after_footer_bottom":"","ocean_display_top_bar":"default","ocean_display_header":"default","ocean_header_style":"","ocean_center_header_left_menu":"0","ocean_custom_header_template":"0","ocean_custom_logo":0,"ocean_custom_retina_logo":0,"ocean_custom_logo_max_width":0,"ocean_custom_logo_tablet_max_width":0,"ocean_custom_logo_mobile_max_width":0,"ocean_custom_logo_max_height":0,"ocean_custom_logo_tablet_max_height":0,"ocean_custom_logo_mobile_max_height":0,"ocean_header_custom_menu":"0","ocean_menu_typo_font_family":"0","ocean_menu_typo_font_subset":"","ocean_menu_typo_font_size":0,"ocean_menu_typo_font_size_tablet":0,"ocean_menu_typo_font_size_mobile":0,"ocean_menu_typo_font_size_unit":"px","ocean_menu_typo_font_weight":"","ocean_menu_typo_font_weight_tablet":"","ocean_menu_typo_font_weight_mobile":"","ocean_menu_typo_transform":"","ocean_menu_typo_transform_tablet":"","ocean_menu_typo_transform_mobile":"","ocean_menu_typo_line_height":0,"ocean_menu_typo_line_height_tablet":0,"ocean_menu_typo_line_height_mobile":0,"ocean_menu_typo_line_height_unit":"","ocean_menu_typo_spacing":0,"ocean_menu_typo_spacing_tablet":0,"ocean_menu_typo_spacing_mobile":0,"ocean_menu_typo_spacing_unit":"","ocean_menu_link_color":"","ocean_menu_link_color_hover":"","ocean_menu_link_color_active":"","ocean_menu_link_background":"","ocean_menu_link_hover_background":"","ocean_menu_link_active_background":"","ocean_menu_social_links_bg":"","ocean_menu_social_hover_links_bg":"","ocean_menu_social_links_color":"","ocean_menu_social_hover_links_color":"","ocean_disable_title":"default","ocean_disable_heading":"default","ocean_post_title":"","ocean_post_subheading":"","ocean_post_title_style":"","ocean_post_title_background_color":"","ocean_post_title_background":0,"ocean_post_title_bg_image_position":"","ocean_post_title_bg_image_attachment":"","ocean_post_title_bg_image_repeat":"","ocean_post_title_bg_image_size":"","ocean_post_title_height":0,"ocean_post_title_bg_overlay":0.5,"ocean_post_title_bg_overlay_color":"","ocean_disable_breadcrumbs":"default","ocean_breadcrumbs_color":"","ocean_breadcrumbs_separator_color":"","ocean_breadcrumbs_links_color":"","ocean_breadcrumbs_links_hover_color":"","ocean_display_footer_widgets":"default","ocean_display_footer_bottom":"default","ocean_custom_footer_template":"0","footnotes":""},"class_list":["post-5286","page","type-page","status-publish","hentry","entry"],"yoast_head":"<!-- This site is optimized with the Yoast SEO plugin v27.3 - https:\/\/yoast.com\/product\/yoast-seo-wordpress\/ -->\n<title>Menuiserie - Officina Bonacina<\/title>\n<meta name=\"robots\" content=\"index, follow, max-snippet:-1, max-image-preview:large, max-video-preview:-1\" \/>\n<link rel=\"canonical\" href=\"https:\/\/www.officinabonacina.com\/fr\/menuiserie\/\" \/>\n<meta property=\"og:locale\" content=\"fr_FR\" \/>\n<meta property=\"og:type\" content=\"article\" \/>\n<meta property=\"og:title\" content=\"Menuiserie - Officina Bonacina\" \/>\n<meta property=\"og:description\" content=\"R\u00e9alisation de constructions m\u00e9caniques et petite-moyenne menuiserie sur plan Officina Bonacina cr\u00e9e des constructions m\u00e9caniques et de menuiserie de taille moyenne \u00e0 petite \u00e0 partir du plan du client et en prenant en charge toutes les phases de construction, d&rsquo;approvisionnement et d&rsquo;exp\u00e9dition. Le grand entrep\u00f4t de mat\u00e9riaux, le d\u00e9partement de traitement m\u00e9canique et la pr\u00e9sence [&hellip;]\" \/>\n<meta property=\"og:url\" content=\"https:\/\/www.officinabonacina.com\/fr\/menuiserie\/\" \/>\n<meta property=\"og:site_name\" content=\"Bonacina Officina\" \/>\n<meta property=\"article:modified_time\" content=\"2023-09-07T13:31:45+00:00\" \/>\n<meta property=\"og:image\" content=\"https:\/\/www.officinabonacina.com\/wp-content\/uploads\/ASSIEME-SALDATO-300x210.jpg\" \/>\n<meta name=\"twitter:card\" content=\"summary_large_image\" \/>\n<meta name=\"twitter:label1\" content=\"Dur\u00e9e de lecture estim\u00e9e\" \/>\n\t<meta name=\"twitter:data1\" content=\"3 minutes\" \/>\n<script type=\"application\/ld+json\" class=\"yoast-schema-graph\">{\"@context\":\"https:\\\/\\\/schema.org\",\"@graph\":[{\"@type\":\"WebPage\",\"@id\":\"https:\\\/\\\/www.officinabonacina.com\\\/fr\\\/menuiserie\\\/\",\"url\":\"https:\\\/\\\/www.officinabonacina.com\\\/fr\\\/menuiserie\\\/\",\"name\":\"Menuiserie - Officina Bonacina\",\"isPartOf\":{\"@id\":\"https:\\\/\\\/www.officinabonacina.com\\\/fr\\\/#website\"},\"primaryImageOfPage\":{\"@id\":\"https:\\\/\\\/www.officinabonacina.com\\\/fr\\\/menuiserie\\\/#primaryimage\"},\"image\":{\"@id\":\"https:\\\/\\\/www.officinabonacina.com\\\/fr\\\/menuiserie\\\/#primaryimage\"},\"thumbnailUrl\":\"https:\\\/\\\/www.officinabonacina.com\\\/wp-content\\\/uploads\\\/ASSIEME-SALDATO-300x210.jpg\",\"datePublished\":\"2020-12-21T11:45:15+00:00\",\"dateModified\":\"2023-09-07T13:31:45+00:00\",\"breadcrumb\":{\"@id\":\"https:\\\/\\\/www.officinabonacina.com\\\/fr\\\/menuiserie\\\/#breadcrumb\"},\"inLanguage\":\"fr-FR\",\"potentialAction\":[{\"@type\":\"ReadAction\",\"target\":[\"https:\\\/\\\/www.officinabonacina.com\\\/fr\\\/menuiserie\\\/\"]}]},{\"@type\":\"ImageObject\",\"inLanguage\":\"fr-FR\",\"@id\":\"https:\\\/\\\/www.officinabonacina.com\\\/fr\\\/menuiserie\\\/#primaryimage\",\"url\":\"https:\\\/\\\/www.officinabonacina.com\\\/wp-content\\\/uploads\\\/ASSIEME-SALDATO-300x210.jpg\",\"contentUrl\":\"https:\\\/\\\/www.officinabonacina.com\\\/wp-content\\\/uploads\\\/ASSIEME-SALDATO-300x210.jpg\"},{\"@type\":\"BreadcrumbList\",\"@id\":\"https:\\\/\\\/www.officinabonacina.com\\\/fr\\\/menuiserie\\\/#breadcrumb\",\"itemListElement\":[{\"@type\":\"ListItem\",\"position\":1,\"name\":\"Home\",\"item\":\"https:\\\/\\\/www.officinabonacina.com\\\/fr\\\/\"},{\"@type\":\"ListItem\",\"position\":2,\"name\":\"Menuiserie\"}]},{\"@type\":\"WebSite\",\"@id\":\"https:\\\/\\\/www.officinabonacina.com\\\/fr\\\/#website\",\"url\":\"https:\\\/\\\/www.officinabonacina.com\\\/fr\\\/\",\"name\":\"Bonacina Officina\",\"description\":\"\",\"publisher\":{\"@id\":\"https:\\\/\\\/www.officinabonacina.com\\\/fr\\\/#organization\"},\"potentialAction\":[{\"@type\":\"SearchAction\",\"target\":{\"@type\":\"EntryPoint\",\"urlTemplate\":\"https:\\\/\\\/www.officinabonacina.com\\\/fr\\\/?s={search_term_string}\"},\"query-input\":{\"@type\":\"PropertyValueSpecification\",\"valueRequired\":true,\"valueName\":\"search_term_string\"}}],\"inLanguage\":\"fr-FR\"},{\"@type\":\"Organization\",\"@id\":\"https:\\\/\\\/www.officinabonacina.com\\\/fr\\\/#organization\",\"name\":\"OFFICINA BONACINA Srl\",\"url\":\"https:\\\/\\\/www.officinabonacina.com\\\/fr\\\/\",\"logo\":{\"@type\":\"ImageObject\",\"inLanguage\":\"fr-FR\",\"@id\":\"https:\\\/\\\/www.officinabonacina.com\\\/fr\\\/#\\\/schema\\\/logo\\\/image\\\/\",\"url\":\"https:\\\/\\\/www.officinabonacina.com\\\/wp-content\\\/uploads\\\/officinabonacina_logo_trasp.png\",\"contentUrl\":\"https:\\\/\\\/www.officinabonacina.com\\\/wp-content\\\/uploads\\\/officinabonacina_logo_trasp.png\",\"width\":230,\"height\":67,\"caption\":\"OFFICINA BONACINA Srl\"},\"image\":{\"@id\":\"https:\\\/\\\/www.officinabonacina.com\\\/fr\\\/#\\\/schema\\\/logo\\\/image\\\/\"}}]}<\/script>\n<!-- \/ Yoast SEO plugin. -->","yoast_head_json":{"title":"Menuiserie - Officina Bonacina","robots":{"index":"index","follow":"follow","max-snippet":"max-snippet:-1","max-image-preview":"max-image-preview:large","max-video-preview":"max-video-preview:-1"},"canonical":"https:\/\/www.officinabonacina.com\/fr\/menuiserie\/","og_locale":"fr_FR","og_type":"article","og_title":"Menuiserie - Officina Bonacina","og_description":"R\u00e9alisation de constructions m\u00e9caniques et petite-moyenne menuiserie sur plan Officina Bonacina cr\u00e9e des constructions m\u00e9caniques et de menuiserie de taille moyenne \u00e0 petite \u00e0 partir du plan du client et en prenant en charge toutes les phases de construction, d&rsquo;approvisionnement et d&rsquo;exp\u00e9dition. Le grand entrep\u00f4t de mat\u00e9riaux, le d\u00e9partement de traitement m\u00e9canique et la pr\u00e9sence [&hellip;]","og_url":"https:\/\/www.officinabonacina.com\/fr\/menuiserie\/","og_site_name":"Bonacina Officina","article_modified_time":"2023-09-07T13:31:45+00:00","og_image":[{"url":"https:\/\/www.officinabonacina.com\/wp-content\/uploads\/ASSIEME-SALDATO-300x210.jpg","type":"","width":"","height":""}],"twitter_card":"summary_large_image","twitter_misc":{"Dur\u00e9e de lecture estim\u00e9e":"3 minutes"},"schema":{"@context":"https:\/\/schema.org","@graph":[{"@type":"WebPage","@id":"https:\/\/www.officinabonacina.com\/fr\/menuiserie\/","url":"https:\/\/www.officinabonacina.com\/fr\/menuiserie\/","name":"Menuiserie - Officina Bonacina","isPartOf":{"@id":"https:\/\/www.officinabonacina.com\/fr\/#website"},"primaryImageOfPage":{"@id":"https:\/\/www.officinabonacina.com\/fr\/menuiserie\/#primaryimage"},"image":{"@id":"https:\/\/www.officinabonacina.com\/fr\/menuiserie\/#primaryimage"},"thumbnailUrl":"https:\/\/www.officinabonacina.com\/wp-content\/uploads\/ASSIEME-SALDATO-300x210.jpg","datePublished":"2020-12-21T11:45:15+00:00","dateModified":"2023-09-07T13:31:45+00:00","breadcrumb":{"@id":"https:\/\/www.officinabonacina.com\/fr\/menuiserie\/#breadcrumb"},"inLanguage":"fr-FR","potentialAction":[{"@type":"ReadAction","target":["https:\/\/www.officinabonacina.com\/fr\/menuiserie\/"]}]},{"@type":"ImageObject","inLanguage":"fr-FR","@id":"https:\/\/www.officinabonacina.com\/fr\/menuiserie\/#primaryimage","url":"https:\/\/www.officinabonacina.com\/wp-content\/uploads\/ASSIEME-SALDATO-300x210.jpg","contentUrl":"https:\/\/www.officinabonacina.com\/wp-content\/uploads\/ASSIEME-SALDATO-300x210.jpg"},{"@type":"BreadcrumbList","@id":"https:\/\/www.officinabonacina.com\/fr\/menuiserie\/#breadcrumb","itemListElement":[{"@type":"ListItem","position":1,"name":"Home","item":"https:\/\/www.officinabonacina.com\/fr\/"},{"@type":"ListItem","position":2,"name":"Menuiserie"}]},{"@type":"WebSite","@id":"https:\/\/www.officinabonacina.com\/fr\/#website","url":"https:\/\/www.officinabonacina.com\/fr\/","name":"Bonacina Officina","description":"","publisher":{"@id":"https:\/\/www.officinabonacina.com\/fr\/#organization"},"potentialAction":[{"@type":"SearchAction","target":{"@type":"EntryPoint","urlTemplate":"https:\/\/www.officinabonacina.com\/fr\/?s={search_term_string}"},"query-input":{"@type":"PropertyValueSpecification","valueRequired":true,"valueName":"search_term_string"}}],"inLanguage":"fr-FR"},{"@type":"Organization","@id":"https:\/\/www.officinabonacina.com\/fr\/#organization","name":"OFFICINA BONACINA Srl","url":"https:\/\/www.officinabonacina.com\/fr\/","logo":{"@type":"ImageObject","inLanguage":"fr-FR","@id":"https:\/\/www.officinabonacina.com\/fr\/#\/schema\/logo\/image\/","url":"https:\/\/www.officinabonacina.com\/wp-content\/uploads\/officinabonacina_logo_trasp.png","contentUrl":"https:\/\/www.officinabonacina.com\/wp-content\/uploads\/officinabonacina_logo_trasp.png","width":230,"height":67,"caption":"OFFICINA BONACINA Srl"},"image":{"@id":"https:\/\/www.officinabonacina.com\/fr\/#\/schema\/logo\/image\/"}}]}},"_links":{"self":[{"href":"https:\/\/www.officinabonacina.com\/fr\/wp-json\/wp\/v2\/pages\/5286","targetHints":{"allow":["GET"]}}],"collection":[{"href":"https:\/\/www.officinabonacina.com\/fr\/wp-json\/wp\/v2\/pages"}],"about":[{"href":"https:\/\/www.officinabonacina.com\/fr\/wp-json\/wp\/v2\/types\/page"}],"author":[{"embeddable":true,"href":"https:\/\/www.officinabonacina.com\/fr\/wp-json\/wp\/v2\/users\/1"}],"replies":[{"embeddable":true,"href":"https:\/\/www.officinabonacina.com\/fr\/wp-json\/wp\/v2\/comments?post=5286"}],"version-history":[{"count":0,"href":"https:\/\/www.officinabonacina.com\/fr\/wp-json\/wp\/v2\/pages\/5286\/revisions"}],"wp:attachment":[{"href":"https:\/\/www.officinabonacina.com\/fr\/wp-json\/wp\/v2\/media?parent=5286"}],"curies":[{"name":"wp","href":"https:\/\/api.w.org\/{rel}","templated":true}]}}